{"id":8120,"date":"2024-03-29T14:36:38","date_gmt":"2024-03-29T13:36:38","guid":{"rendered":"https:\/\/www.beta-sense.de\/?page_id=8120"},"modified":"2025-08-27T16:07:07","modified_gmt":"2025-08-27T14:07:07","slug":"press-7-nrw-secretary-of-commerce-mona-neubaur-visits-start-up-betasense","status":"publish","type":"page","link":"https:\/\/www.beta-sense.de\/en\/press-7-nrw-secretary-of-commerce-mona-neubaur-visits-start-up-betasense\/","title":{"rendered":"Press 7 &#8211;  NRW-Secretary of Commerce Mona Neubaur visits Start-up betaSENSE"},"content":{"rendered":"\t\t<div data-elementor-type=\"wp-page\" data-elementor-id=\"8120\" class=\"elementor elementor-8120 elementor-7374\" data-elementor-post-type=\"page\">\n\t\t\t\t\t\t<section class=\"elementor-section elementor-top-section elementor-element elementor-element-421371b elementor-section-height-min-height elementor-section-boxed elementor-section-height-default elementor-section-items-middle\" data-id=\"421371b\" data-element_type=\"section\" data-e-type=\"section\" data-settings=\"{&quot;background_background&quot;:&quot;classic&quot;}\">\n\t\t\t\t\t\t<div class=\"elementor-container elementor-column-gap-default\">\n\t\t\t\t\t<div class=\"elementor-column elementor-col-100 elementor-top-column elementor-element elementor-element-b022fa8\" data-id=\"b022fa8\" data-element_type=\"column\" data-e-type=\"column\">\n\t\t\t<div class=\"elementor-widget-wrap elementor-element-populated\">\n\t\t\t\t\t\t<div class=\"elementor-element elementor-element-5502d06 elementor-widget elementor-widget-image\" data-id=\"5502d06\" data-element_type=\"widget\" data-e-type=\"widget\" data-widget_type=\"image.default\">\n\t\t\t\t<div class=\"elementor-widget-container\">\n\t\t\t\t\t\t\t\t\t\t\t\t\t\t\t<img fetchpriority=\"high\" decoding=\"async\" width=\"804\" height=\"536\" src=\"https:\/\/www.beta-sense.de\/wp-content\/uploads\/2024\/03\/ntfsmac15.11.839_trial.jpg\" class=\"attachment-full size-full wp-image-7377\" alt=\"\" srcset=\"https:\/\/www.beta-sense.de\/wp-content\/uploads\/2024\/03\/ntfsmac15.11.839_trial.jpg 804w, https:\/\/www.beta-sense.de\/wp-content\/uploads\/2024\/03\/ntfsmac15.11.839_trial-300x200.jpg 300w, https:\/\/www.beta-sense.de\/wp-content\/uploads\/2024\/03\/ntfsmac15.11.839_trial-768x512.jpg 768w\" sizes=\"(max-width: 804px) 100vw, 804px\" \/>\t\t\t\t\t\t\t\t\t\t\t\t\t\t\t<\/div>\n\t\t\t\t<\/div>\n\t\t\t\t<div class=\"elementor-element elementor-element-e4683cd elementor-widget elementor-widget-text-editor\" data-id=\"e4683cd\" data-element_type=\"widget\" data-e-type=\"widget\" data-widget_type=\"text-editor.default\">\n\t\t\t\t<div class=\"elementor-widget-container\">\n\t\t\t\t\t\t\t\t\t<h2 class=\"field-std-headline\">Mona Neubaur<\/h2>\t\t\t\t\t\t\t\t<\/div>\n\t\t\t\t<\/div>\n\t\t\t\t<div class=\"elementor-element elementor-element-e28231f elementor-widget elementor-widget-text-editor\" data-id=\"e28231f\" data-element_type=\"widget\" data-e-type=\"widget\" data-widget_type=\"text-editor.default\">\n\t\t\t\t<div class=\"elementor-widget-container\">\n\t\t\t\t\t\t\t\t\t<h2 class=\"field-std-headline\">NRW-Secretary of Commerce Mona Neubaur visits Start-up betaSENSE<\/h2>\t\t\t\t\t\t\t\t<\/div>\n\t\t\t\t<\/div>\n\t\t\t\t<div class=\"elementor-element elementor-element-9335366 elementor-widget elementor-widget-text-editor\" data-id=\"9335366\" data-element_type=\"widget\" data-e-type=\"widget\" data-widget_type=\"text-editor.default\">\n\t\t\t\t<div class=\"elementor-widget-container\">\n\t\t\t\t\t\t\t\t\t<div class=\"field-std-dachzeile\"><div class=\"field-items\">Detection of neurodegenerative diseases in early stages \u2013 protein research in Bochum makes it happen.<\/div><div>\u00a0<\/div><\/div><div class=\"field-std-text\"><p>Dementia \u2013 a diagnosis that fills many with fear, because by the time symptoms appear, the disease is usually already well advanced. This explains the high hopes pinned on a prognostic test developed by Prof. Dr. Klaus Gerwert and his team at the Center for Protein Diagnostics (PRODI) at Ruhr University Bochum. He received the NRW Innovation Award for this achievement in fall 2023. The award was presented by Mona Neubaur, Secretary of Commerce, Industry, Climate Protection, and Energy of the State of North Rhine-Westphalia. On March 15, 2024, she visited the founding director of PRODI in Bochum and learned firsthand how the test is now being transferred into application with the help of betaSENSE, a company spun off from PRODI.<\/p><p>Secretary Mona Neubaur: &#8220;Spin-offs such as BetaSENSE help bring medical innovations to market, making them available to many patients. At the same time, they support the economy and are therefore an important location factor. I have great respect for how you combine the important research at Ruhr University with the economy. This encourages young scientists in North Rhine-Westphalia to believe in themselves, their teams, and their research.&#8221;<\/p><\/div>\t\t\t\t\t\t\t\t<\/div>\n\t\t\t\t<\/div>\n\t\t\t\t<div class=\"elementor-element elementor-element-52477ff elementor-widget elementor-widget-thim-ekits-image-accordion\" data-id=\"52477ff\" data-element_type=\"widget\" data-e-type=\"widget\" data-widget_type=\"thim-ekits-image-accordion.default\">\n\t\t\t\t<div class=\"elementor-widget-container\">\n\t\t\t\t\t\t\t<div class=\"thim-ekits-image-accordion\">\n\t\t\t\t\t\t\t\t<div class=\"thim-ekits-image-accordion__item\" style=\"background-image: url(https:\/\/www.beta-sense.de\/wp-content\/uploads\/2024\/03\/ministerin_neubaur_im_prodi_der_rub-008.jpg)\">\n\t\t\t\t<div class=\"overlay\">\n\t\t\t\t\t<div class=\"overlay-inner\">\n\t\t\t\t\t<div class=\"desc\">Klaus Gerwert erl\u00e4utert das Prinzip der Alzheimerfr\u00fcherkennung.<\/div>\t\t\t\t<\/div>\n\n\t\t\t<\/div>\n\t\t\t<\/div>\n\t\t\t\t\t\t\t\t<div class=\"thim-ekits-image-accordion__item\" style=\"background-image: url(https:\/\/www.beta-sense.de\/wp-content\/uploads\/2024\/03\/ministerin_neubaur_im_prodi_der_rub-020.jpg)\">\n\t\t\t\t<div class=\"overlay\">\n\t\t\t\t\t<div class=\"overlay-inner\">\n\t\t\t\t\t<div class=\"desc\">Die Ministerin war in Bochum zu Gast, um sich vor Ort die Arbeit am Alzheimer-Sensor anzusehen.<\/div>\t\t\t\t<\/div>\n\n\t\t\t<\/div>\n\t\t\t<\/div>\n\t\t\t\t\t\t\t\t<div class=\"thim-ekits-image-accordion__item\" style=\"background-image: url(https:\/\/www.beta-sense.de\/wp-content\/uploads\/2024\/03\/ministerin_neubaur_im_prodi_der_rub-039.jpg)\">\n\t\t\t\t<div class=\"overlay\">\n\t\t\t\t\t<div class=\"overlay-inner\">\n\t\t\t\t\t<div class=\"desc\">Mona Neubaur im Gespr\u00e4ch mit Fabian Warnebold im Labor des Zentrums f\u00fcr Proteindiagnostik PRODI<\/div>\t\t\t\t<\/div>\n\n\t\t\t<\/div>\n\t\t\t<\/div>\n\t\t\t\t\t\t\t\t<div class=\"thim-ekits-image-accordion__item\" style=\"background-image: url(https:\/\/www.beta-sense.de\/wp-content\/uploads\/2024\/03\/ministerin_neubaur_im_prodi_der_rub-036.jpg)\">\n\t\t\t\t<div class=\"overlay\">\n\t\t\t\t\t<div class=\"overlay-inner\">\n\t\t\t\t\t<div class=\"desc\">Mona Neubaur warf einen Blick hinter die Kulissen des Start-ups betaSENSE.<\/div>\t\t\t\t<\/div>\n\n\t\t\t<\/div>\n\t\t\t<\/div>\n\t\t\t\t\t\t\t\t<div class=\"thim-ekits-image-accordion__item\" style=\"background-image: url(https:\/\/www.beta-sense.de\/wp-content\/uploads\/2024\/03\/ministerin_neubaur_im_prodi_der_rub-028.jpg)\">\n\t\t\t\t<div class=\"overlay\">\n\t\t\t\t\t<div class=\"overlay-inner\">\n\t\t\t\t\t<div class=\"desc\">Serdar Y\u00fcksel, Andrea Busche (beide Bochumer Landtagsabgeordnete NRW), Rouven Beeck (Gesch\u00e4ftsf\u00fchrer Bochum Wirtschaftsentwicklung), Ministerin Mona Neubaur, Prof. Dr. Klaus Gerwert, Prof. Dr. Denise Manahan-Vaughan (Prorektorin f\u00fcr Struktur, Strategie und Planung der Ruhr-Universit\u00e4t), Prof. Dr. Ralf Gold (Direktor der Universit\u00e4tsklinik f\u00fcr Neurologie im St. Josef-Hospital und Experimentelle Neurologie im Zentrum f\u00fcr Proteindiagnostik) (von links)<\/div>\t\t\t\t<\/div>\n\n\t\t\t<\/div>\n\t\t\t<\/div>\n\t\t\t\t<\/div>\n\t\t\t\t\t\t<\/div>\n\t\t\t\t<\/div>\n\t\t\t\t<div class=\"elementor-element elementor-element-83a6267 elementor-widget elementor-widget-text-editor\" data-id=\"83a6267\" data-element_type=\"widget\" data-e-type=\"widget\" data-widget_type=\"text-editor.default\">\n\t\t\t\t<div class=\"elementor-widget-container\">\n\t\t\t\t\t\t\t\t\t<div style=\"text-align: center;\"><p>NRW-Secretary of Commerce Mona Neubaur visits Start-up betaSENSE on March 15 2024.<\/p><p>\u00a9 Michael Schwettmann<\/p><\/div>\t\t\t\t\t\t\t\t<\/div>\n\t\t\t\t<\/div>\n\t\t\t\t<div class=\"elementor-element elementor-element-9118d82 elementor-widget elementor-widget-theme-post-title elementor-page-title elementor-widget-heading\" data-id=\"9118d82\" data-element_type=\"widget\" data-e-type=\"widget\" data-widget_type=\"theme-post-title.default\">\n\t\t\t\t<div class=\"elementor-widget-container\">\n\t\t\t\t\t<p class=\"elementor-heading-title elementor-size-default\">Press 7 &#8211;  NRW-Secretary of Commerce Mona Neubaur visits Start-up betaSENSE<\/p>\t\t\t\t<\/div>\n\t\t\t\t<\/div>\n\t\t\t\t\t<\/div>\n\t\t<\/div>\n\t\t\t\t\t<\/div>\n\t\t<\/section>\n\t\t\t\t<\/div>\n\t\t","protected":false},"excerpt":{"rendered":"<p>Mona Neubaur NRW-Secretary of Commerce Mona Neubaur visits Start-up betaSENSE Detection of neurodegenerative diseases in early stages \u2013 protein research in Bochum makes it happen. Dementia \u2013 a diagnosis that fills many with fear, because by the time symptoms appear, the disease is usually already well advanced. This explains the high hopes pinned on a [&hellip;]<\/p>\n","protected":false},"author":16,"featured_media":0,"parent":0,"menu_order":0,"comment_status":"closed","ping_status":"closed","template":"","meta":{"_acf_changed":false,"footnotes":""},"class_list":["post-8120","page","type-page","status-publish","hentry"],"acf":[],"yoast_head":"<!-- This site is optimized with the Yoast SEO plugin v27.5 - https:\/\/yoast.com\/product\/yoast-seo-wordpress\/ -->\n<title>Press 7 - NRW-Secretary of Commerce Mona Neubaur visits Start-up betaSENSE &#8211; betaSENSE<\/title>\n<meta name=\"robots\" content=\"index, follow, max-snippet:-1, max-image-preview:large, max-video-preview:-1\" \/>\n<link rel=\"canonical\" href=\"https:\/\/www.beta-sense.de\/en\/press-7-nrw-secretary-of-commerce-mona-neubaur-visits-start-up-betasense\/\" \/>\n<meta property=\"og:locale\" content=\"en_US\" \/>\n<meta property=\"og:type\" content=\"article\" \/>\n<meta property=\"og:title\" content=\"Press 7 - NRW-Secretary of Commerce Mona Neubaur visits Start-up betaSENSE &#8211; betaSENSE\" \/>\n<meta property=\"og:description\" content=\"Mona Neubaur NRW-Secretary of Commerce Mona Neubaur visits Start-up betaSENSE Detection of neurodegenerative diseases in early stages \u2013 protein research in Bochum makes it happen. Dementia \u2013 a diagnosis that fills many with fear, because by the time symptoms appear, the disease is usually already well advanced. This explains the high hopes pinned on a [&hellip;]\" \/>\n<meta property=\"og:url\" content=\"https:\/\/www.beta-sense.de\/en\/press-7-nrw-secretary-of-commerce-mona-neubaur-visits-start-up-betasense\/\" \/>\n<meta property=\"og:site_name\" content=\"betaSENSE\" \/>\n<meta property=\"article:modified_time\" content=\"2025-08-27T14:07:07+00:00\" \/>\n<meta property=\"og:image\" content=\"https:\/\/www.beta-sense.de\/wp-content\/uploads\/2024\/03\/ntfsmac15.11.839_trial.jpg\" \/>\n<meta name=\"twitter:card\" content=\"summary_large_image\" \/>\n<meta name=\"twitter:label1\" content=\"Est. reading time\" \/>\n\t<meta name=\"twitter:data1\" content=\"2 minutes\" \/>\n<script type=\"application\/ld+json\" class=\"yoast-schema-graph\">{\"@context\":\"https:\\\/\\\/schema.org\",\"@graph\":[{\"@type\":\"WebPage\",\"@id\":\"https:\\\/\\\/www.beta-sense.de\\\/en\\\/press-7-nrw-secretary-of-commerce-mona-neubaur-visits-start-up-betasense\\\/\",\"url\":\"https:\\\/\\\/www.beta-sense.de\\\/en\\\/press-7-nrw-secretary-of-commerce-mona-neubaur-visits-start-up-betasense\\\/\",\"name\":\"Press 7 - NRW-Secretary of Commerce Mona Neubaur visits Start-up betaSENSE &#8211; betaSENSE\",\"isPartOf\":{\"@id\":\"https:\\\/\\\/www.beta-sense.de\\\/en\\\/#website\"},\"primaryImageOfPage\":{\"@id\":\"https:\\\/\\\/www.beta-sense.de\\\/en\\\/press-7-nrw-secretary-of-commerce-mona-neubaur-visits-start-up-betasense\\\/#primaryimage\"},\"image\":{\"@id\":\"https:\\\/\\\/www.beta-sense.de\\\/en\\\/press-7-nrw-secretary-of-commerce-mona-neubaur-visits-start-up-betasense\\\/#primaryimage\"},\"thumbnailUrl\":\"https:\\\/\\\/www.beta-sense.de\\\/wp-content\\\/uploads\\\/2024\\\/03\\\/ntfsmac15.11.839_trial.jpg\",\"datePublished\":\"2024-03-29T13:36:38+00:00\",\"dateModified\":\"2025-08-27T14:07:07+00:00\",\"inLanguage\":\"en\",\"potentialAction\":[{\"@type\":\"ReadAction\",\"target\":[\"https:\\\/\\\/www.beta-sense.de\\\/en\\\/press-7-nrw-secretary-of-commerce-mona-neubaur-visits-start-up-betasense\\\/\"]}]},{\"@type\":\"ImageObject\",\"inLanguage\":\"en\",\"@id\":\"https:\\\/\\\/www.beta-sense.de\\\/en\\\/press-7-nrw-secretary-of-commerce-mona-neubaur-visits-start-up-betasense\\\/#primaryimage\",\"url\":\"https:\\\/\\\/www.beta-sense.de\\\/wp-content\\\/uploads\\\/2024\\\/03\\\/ntfsmac15.11.839_trial.jpg\",\"contentUrl\":\"https:\\\/\\\/www.beta-sense.de\\\/wp-content\\\/uploads\\\/2024\\\/03\\\/ntfsmac15.11.839_trial.jpg\"},{\"@type\":\"WebSite\",\"@id\":\"https:\\\/\\\/www.beta-sense.de\\\/en\\\/#website\",\"url\":\"https:\\\/\\\/www.beta-sense.de\\\/en\\\/\",\"name\":\"betaSENSE\",\"description\":\"Proteindiagnostik neu gedacht\",\"publisher\":{\"@id\":\"https:\\\/\\\/www.beta-sense.de\\\/en\\\/#organization\"},\"potentialAction\":[{\"@type\":\"SearchAction\",\"target\":{\"@type\":\"EntryPoint\",\"urlTemplate\":\"https:\\\/\\\/www.beta-sense.de\\\/en\\\/?s={search_term_string}\"},\"query-input\":{\"@type\":\"PropertyValueSpecification\",\"valueRequired\":true,\"valueName\":\"search_term_string\"}}],\"inLanguage\":\"en\"},{\"@type\":\"Organization\",\"@id\":\"https:\\\/\\\/www.beta-sense.de\\\/en\\\/#organization\",\"name\":\"betaSENSE\",\"url\":\"https:\\\/\\\/www.beta-sense.de\\\/en\\\/\",\"logo\":{\"@type\":\"ImageObject\",\"inLanguage\":\"en\",\"@id\":\"https:\\\/\\\/www.beta-sense.de\\\/en\\\/#\\\/schema\\\/logo\\\/image\\\/\",\"url\":\"https:\\\/\\\/www.beta-sense.de\\\/wp-content\\\/uploads\\\/2022\\\/09\\\/betaSense-Logo.svg\",\"contentUrl\":\"https:\\\/\\\/www.beta-sense.de\\\/wp-content\\\/uploads\\\/2022\\\/09\\\/betaSense-Logo.svg\",\"caption\":\"betaSENSE\"},\"image\":{\"@id\":\"https:\\\/\\\/www.beta-sense.de\\\/en\\\/#\\\/schema\\\/logo\\\/image\\\/\"}}]}<\/script>\n<!-- \/ Yoast SEO plugin. -->","yoast_head_json":{"title":"Press 7 - NRW-Secretary of Commerce Mona Neubaur visits Start-up betaSENSE &#8211; betaSENSE","robots":{"index":"index","follow":"follow","max-snippet":"max-snippet:-1","max-image-preview":"max-image-preview:large","max-video-preview":"max-video-preview:-1"},"canonical":"https:\/\/www.beta-sense.de\/en\/press-7-nrw-secretary-of-commerce-mona-neubaur-visits-start-up-betasense\/","og_locale":"en_US","og_type":"article","og_title":"Press 7 - NRW-Secretary of Commerce Mona Neubaur visits Start-up betaSENSE &#8211; betaSENSE","og_description":"Mona Neubaur NRW-Secretary of Commerce Mona Neubaur visits Start-up betaSENSE Detection of neurodegenerative diseases in early stages \u2013 protein research in Bochum makes it happen. Dementia \u2013 a diagnosis that fills many with fear, because by the time symptoms appear, the disease is usually already well advanced. This explains the high hopes pinned on a [&hellip;]","og_url":"https:\/\/www.beta-sense.de\/en\/press-7-nrw-secretary-of-commerce-mona-neubaur-visits-start-up-betasense\/","og_site_name":"betaSENSE","article_modified_time":"2025-08-27T14:07:07+00:00","og_image":[{"url":"https:\/\/www.beta-sense.de\/wp-content\/uploads\/2024\/03\/ntfsmac15.11.839_trial.jpg","type":"","width":"","height":""}],"twitter_card":"summary_large_image","twitter_misc":{"Est. reading time":"2 minutes"},"schema":{"@context":"https:\/\/schema.org","@graph":[{"@type":"WebPage","@id":"https:\/\/www.beta-sense.de\/en\/press-7-nrw-secretary-of-commerce-mona-neubaur-visits-start-up-betasense\/","url":"https:\/\/www.beta-sense.de\/en\/press-7-nrw-secretary-of-commerce-mona-neubaur-visits-start-up-betasense\/","name":"Press 7 - NRW-Secretary of Commerce Mona Neubaur visits Start-up betaSENSE &#8211; betaSENSE","isPartOf":{"@id":"https:\/\/www.beta-sense.de\/en\/#website"},"primaryImageOfPage":{"@id":"https:\/\/www.beta-sense.de\/en\/press-7-nrw-secretary-of-commerce-mona-neubaur-visits-start-up-betasense\/#primaryimage"},"image":{"@id":"https:\/\/www.beta-sense.de\/en\/press-7-nrw-secretary-of-commerce-mona-neubaur-visits-start-up-betasense\/#primaryimage"},"thumbnailUrl":"https:\/\/www.beta-sense.de\/wp-content\/uploads\/2024\/03\/ntfsmac15.11.839_trial.jpg","datePublished":"2024-03-29T13:36:38+00:00","dateModified":"2025-08-27T14:07:07+00:00","inLanguage":"en","potentialAction":[{"@type":"ReadAction","target":["https:\/\/www.beta-sense.de\/en\/press-7-nrw-secretary-of-commerce-mona-neubaur-visits-start-up-betasense\/"]}]},{"@type":"ImageObject","inLanguage":"en","@id":"https:\/\/www.beta-sense.de\/en\/press-7-nrw-secretary-of-commerce-mona-neubaur-visits-start-up-betasense\/#primaryimage","url":"https:\/\/www.beta-sense.de\/wp-content\/uploads\/2024\/03\/ntfsmac15.11.839_trial.jpg","contentUrl":"https:\/\/www.beta-sense.de\/wp-content\/uploads\/2024\/03\/ntfsmac15.11.839_trial.jpg"},{"@type":"WebSite","@id":"https:\/\/www.beta-sense.de\/en\/#website","url":"https:\/\/www.beta-sense.de\/en\/","name":"betaSENSE","description":"Proteindiagnostik neu gedacht","publisher":{"@id":"https:\/\/www.beta-sense.de\/en\/#organization"},"potentialAction":[{"@type":"SearchAction","target":{"@type":"EntryPoint","urlTemplate":"https:\/\/www.beta-sense.de\/en\/?s={search_term_string}"},"query-input":{"@type":"PropertyValueSpecification","valueRequired":true,"valueName":"search_term_string"}}],"inLanguage":"en"},{"@type":"Organization","@id":"https:\/\/www.beta-sense.de\/en\/#organization","name":"betaSENSE","url":"https:\/\/www.beta-sense.de\/en\/","logo":{"@type":"ImageObject","inLanguage":"en","@id":"https:\/\/www.beta-sense.de\/en\/#\/schema\/logo\/image\/","url":"https:\/\/www.beta-sense.de\/wp-content\/uploads\/2022\/09\/betaSense-Logo.svg","contentUrl":"https:\/\/www.beta-sense.de\/wp-content\/uploads\/2022\/09\/betaSense-Logo.svg","caption":"betaSENSE"},"image":{"@id":"https:\/\/www.beta-sense.de\/en\/#\/schema\/logo\/image\/"}}]}},"_links":{"self":[{"href":"https:\/\/www.beta-sense.de\/en\/wp-json\/wp\/v2\/pages\/8120","targetHints":{"allow":["GET"]}}],"collection":[{"href":"https:\/\/www.beta-sense.de\/en\/wp-json\/wp\/v2\/pages"}],"about":[{"href":"https:\/\/www.beta-sense.de\/en\/wp-json\/wp\/v2\/types\/page"}],"author":[{"embeddable":true,"href":"https:\/\/www.beta-sense.de\/en\/wp-json\/wp\/v2\/users\/16"}],"replies":[{"embeddable":true,"href":"https:\/\/www.beta-sense.de\/en\/wp-json\/wp\/v2\/comments?post=8120"}],"version-history":[{"count":5,"href":"https:\/\/www.beta-sense.de\/en\/wp-json\/wp\/v2\/pages\/8120\/revisions"}],"predecessor-version":[{"id":8138,"href":"https:\/\/www.beta-sense.de\/en\/wp-json\/wp\/v2\/pages\/8120\/revisions\/8138"}],"wp:attachment":[{"href":"https:\/\/www.beta-sense.de\/en\/wp-json\/wp\/v2\/media?parent=8120"}],"curies":[{"name":"wp","href":"https:\/\/api.w.org\/{rel}","templated":true}]}}